{"id":9649,"date":"2023-09-25T12:35:55","date_gmt":"2023-09-25T10:35:55","guid":{"rendered":"https:\/\/myhome.at\/?page_id=9649"},"modified":"2024-09-03T12:33:21","modified_gmt":"2024-09-03T10:33:21","slug":"fmh-iframe-startseite-m","status":"publish","type":"page","link":"https:\/\/myhome.at\/fr\/fmh-iframe-startseite-m\/","title":{"rendered":"FMH iFrame Startseite Mobile"},"content":{"rendered":"\t\t<div data-elementor-type=\"wp-page\" data-elementor-id=\"9649\" class=\"elementor elementor-9649\" data-elementor-post-type=\"page\">\n\t\t\t\t<div class=\"elementor-element elementor-element-ec6656d e-flex e-con-boxed e-con e-parent\" data-id=\"ec6656d\" data-element_type=\"container\" data-e-type=\"container\">\n\t\t\t\t\t<div class=\"e-con-inner\">\n\t\t<div class=\"elementor-element elementor-element-89a0641 e-flex e-con-boxed e-con e-child\" data-id=\"89a0641\" data-element_type=\"container\" data-e-type=\"container\">\n\t\t\t\t\t<div class=\"e-con-inner\">\n\t\t\t\t<div class=\"elementor-element elementor-element-3a5d9d4 elementor-widget elementor-widget-heading\" data-id=\"3a5d9d4\" data-element_type=\"widget\" data-e-type=\"widget\" data-widget_type=\"heading.default\">\n\t\t\t\t<div class=\"elementor-widget-container\">\n\t\t\t\t\t<h2 class=\"elementor-heading-title elementor-size-default\">NEUES AUS DEM<\/h2>\t\t\t\t<\/div>\n\t\t\t\t<\/div>\n\t\t\t\t<div class=\"elementor-element elementor-element-ada19e8 elementor-widget elementor-widget-image\" data-id=\"ada19e8\" data-element_type=\"widget\" data-e-type=\"widget\" data-widget_type=\"image.default\">\n\t\t\t\t<div class=\"elementor-widget-container\">\n\t\t\t\t\t\t\t\t\t\t\t\t\t\t\t\t<a href=\"https:\/\/myhome.at\" target=\"_blank\">\n\t\t\t\t\t\t\t<img decoding=\"async\" src=\"https:\/\/myhome.at\/wp-content\/uploads\/elementor\/thumbs\/FMH_MYHOME_LOGO_RZ_RGB_blog_FMH_MYHOME_LOGO_byFMH_RZ_RGB_mobile_72ppi@2x-e1761286561876-rfkcfg9bax7yff8wymb79xntw000d7klumgyawm7vq.png\" title=\"FMH_MYHOME_LOGO_RZ_RGB_blog_FMH_MYHOME_LOGO_byFMH_RZ_RGB_mobile_72ppi@2x\" alt=\"myhome.blog by FINDMYHOME\" loading=\"lazy\" \/>\t\t\t\t\t\t\t\t<\/a>\n\t\t\t\t\t\t\t\t\t\t\t\t\t\t\t<\/div>\n\t\t\t\t<\/div>\n\t\t\t\t\t<\/div>\n\t\t\t\t<\/div>\n\t\t\t\t\t<\/div>\n\t\t\t\t<\/div>\n\t\t<div class=\"elementor-element elementor-element-6343b46 e-con-full e-flex e-con e-parent\" data-id=\"6343b46\" data-element_type=\"container\" data-e-type=\"container\">\n\t\t\t\t<div class=\"elementor-element elementor-element-53131a5 elementor-grid-mobile-1 elementor-grid-tablet-3 elementor-grid-3 elementor-widget elementor-widget-loop-grid\" data-id=\"53131a5\" data-element_type=\"widget\" data-e-type=\"widget\" data-settings=\"{&quot;template_id&quot;:9947,&quot;columns_mobile&quot;:1,&quot;columns_tablet&quot;:3,&quot;_skin&quot;:&quot;post&quot;,&quot;columns&quot;:&quot;3&quot;,&quot;edit_handle_selector&quot;:&quot;[data-elementor-type=\\&quot;loop-item\\&quot;]&quot;,&quot;row_gap&quot;:{&quot;unit&quot;:&quot;px&quot;,&quot;size&quot;:&quot;&quot;,&quot;sizes&quot;:[]},&quot;row_gap_tablet&quot;:{&quot;unit&quot;:&quot;px&quot;,&quot;size&quot;:&quot;&quot;,&quot;sizes&quot;:[]},&quot;row_gap_mobile&quot;:{&quot;unit&quot;:&quot;px&quot;,&quot;size&quot;:&quot;&quot;,&quot;sizes&quot;:[]}}\" data-widget_type=\"loop-grid.post\">\n\t\t\t\t<div class=\"elementor-widget-container\">\n\t\t\t\t\t\t\t<div class=\"elementor-loop-container elementor-grid\" role=\"list\">\n\t\t<style id=\"loop-9947\">.elementor-9947 .elementor-element.elementor-element-e30c2bf{--display:flex;--overflow:hidden;}.elementor-9947 .elementor-element.elementor-element-e30c2bf.e-con{--flex-grow:0;--flex-shrink:0;}.elementor-9947 .elementor-element.elementor-element-ebdf5bd{text-align:center;}.elementor-9947 .elementor-element.elementor-element-ebdf5bd .elementor-heading-title{font-family:\"FFDIN Pro Light\", Sans-serif;font-size:28px;font-weight:300;text-transform:none;text-decoration:underline;line-height:41px;color:#2F4D4F;}@media(max-width:1024px){.elementor-9947 .elementor-element.elementor-element-e30c2bf{--align-items:center;--container-widget-width:calc( ( 1 - var( --container-widget-flex-grow ) ) * 100% );--flex-wrap:wrap;--align-content:center;}.elementor-9947 .elementor-element.elementor-element-ebdf5bd .elementor-heading-title{font-size:19px;}}@media(min-width:768px){.elementor-9947 .elementor-element.elementor-element-e30c2bf{--width:98.756%;}}@media(max-width:1024px) and (min-width:768px){.elementor-9947 .elementor-element.elementor-element-e30c2bf{--width:174.062px;}}@media(max-width:767px){.elementor-9947 .elementor-element.elementor-element-e30c2bf{--min-height:0px;--flex-direction:column;--container-widget-width:calc( ( 1 - var( --container-widget-flex-grow ) ) * 100% );--container-widget-height:initial;--container-widget-flex-grow:0;--container-widget-align-self:initial;--flex-wrap-mobile:wrap;--justify-content:center;--align-items:center;}.elementor-9947 .elementor-element.elementor-element-ebdf5bd .elementor-heading-title{font-size:23px;line-height:1.2em;}}<\/style>\t\t<div data-elementor-type=\"loop-item\" data-elementor-id=\"9947\" class=\"elementor elementor-9947 e-loop-item e-loop-item-33966 post-33966 post type-post status-publish format-standard has-post-thumbnail hentry category-cuisine category-homes-architecture-fr\" data-elementor-post-type=\"elementor_library\" data-custom-edit-handle=\"1\">\n\t\t\t<div class=\"elementor-element elementor-element-e30c2bf e-con-full e-flex e-con e-parent\" data-id=\"e30c2bf\" data-element_type=\"container\" data-e-type=\"container\">\n\t\t\t\t<div class=\"elementor-element elementor-element-24be3aa elementor-widget elementor-widget-theme-post-featured-image elementor-widget-image\" data-id=\"24be3aa\" data-element_type=\"widget\" data-e-type=\"widget\" data-widget_type=\"theme-post-featured-image.default\">\n\t\t\t\t<div class=\"elementor-widget-container\">\n\t\t\t\t\t\t\t\t\t\t\t\t\t\t\t\t<a href=\"https:\/\/myhome.at\/fr\/mise-a-jour-du-design-de-milan-pourquoi-la-cuisine-perd-ses-coins-en-2026\/\" target=\"_blank\">\n\t\t\t\t\t\t\t<img decoding=\"async\" width=\"580\" height=\"420\" src=\"https:\/\/myhome.at\/wp-content\/uploads\/2026\/05\/AWOL_TheHorizonBecomesMatter_Kitchen_XPL01-580x420.jpg\" class=\"attachment-yaffo-grid size-yaffo-grid wp-image-33965\" alt=\"\" \/>\t\t\t\t\t\t\t\t<\/a>\n\t\t\t\t\t\t\t\t\t\t\t\t\t\t\t<\/div>\n\t\t\t\t<\/div>\n\t\t\t\t<div class=\"elementor-element elementor-element-ebdf5bd elementor-widget elementor-widget-theme-post-title elementor-page-title elementor-widget-heading\" data-id=\"ebdf5bd\" data-element_type=\"widget\" data-e-type=\"widget\" data-widget_type=\"theme-post-title.default\">\n\t\t\t\t<div class=\"elementor-widget-container\">\n\t\t\t\t\t<p class=\"elementor-heading-title elementor-size-default\"><a href=\"https:\/\/myhome.at\/fr\/mise-a-jour-du-design-de-milan-pourquoi-la-cuisine-perd-ses-coins-en-2026\/\" target=\"_blank\">Mise \u00e0 jour du design de Milan : pourquoi la cuisine perd ses coins en 2026<\/a><\/p>\t\t\t\t<\/div>\n\t\t\t\t<\/div>\n\t\t\t\t<\/div>\n\t\t\t\t<\/div>\n\t\t\t\t<div data-elementor-type=\"loop-item\" data-elementor-id=\"9947\" class=\"elementor elementor-9947 e-loop-item e-loop-item-33791 post-33791 post type-post status-publish format-standard has-post-thumbnail hentry category-chambre-a-coucher category-cuisine category-salle-de-bains\" data-elementor-post-type=\"elementor_library\" data-custom-edit-handle=\"1\">\n\t\t\t<div class=\"elementor-element elementor-element-e30c2bf e-con-full e-flex e-con e-parent\" data-id=\"e30c2bf\" data-element_type=\"container\" data-e-type=\"container\">\n\t\t\t\t<div class=\"elementor-element elementor-element-24be3aa elementor-widget elementor-widget-theme-post-featured-image elementor-widget-image\" data-id=\"24be3aa\" data-element_type=\"widget\" data-e-type=\"widget\" data-widget_type=\"theme-post-featured-image.default\">\n\t\t\t\t<div class=\"elementor-widget-container\">\n\t\t\t\t\t\t\t\t\t\t\t\t\t\t\t\t<a href=\"https:\/\/myhome.at\/fr\/lordre-a-petites-doses-micro-organizing\/\" target=\"_blank\">\n\t\t\t\t\t\t\t<img decoding=\"async\" width=\"580\" height=\"420\" src=\"https:\/\/myhome.at\/wp-content\/uploads\/2026\/05\/caroline-badran-SNq7qtP7Z08-unsplash-580x420.jpg\" class=\"attachment-yaffo-grid size-yaffo-grid wp-image-33752\" alt=\"\" \/>\t\t\t\t\t\t\t\t<\/a>\n\t\t\t\t\t\t\t\t\t\t\t\t\t\t\t<\/div>\n\t\t\t\t<\/div>\n\t\t\t\t<div class=\"elementor-element elementor-element-ebdf5bd elementor-widget elementor-widget-theme-post-title elementor-page-title elementor-widget-heading\" data-id=\"ebdf5bd\" data-element_type=\"widget\" data-e-type=\"widget\" data-widget_type=\"theme-post-title.default\">\n\t\t\t\t<div class=\"elementor-widget-container\">\n\t\t\t\t\t<p class=\"elementor-heading-title elementor-size-default\"><a href=\"https:\/\/myhome.at\/fr\/lordre-a-petites-doses-micro-organizing\/\" target=\"_blank\">L&rsquo;ordre \u00e0 petites doses : Micro Organizing<\/a><\/p>\t\t\t\t<\/div>\n\t\t\t\t<\/div>\n\t\t\t\t<\/div>\n\t\t\t\t<\/div>\n\t\t\t\t<div data-elementor-type=\"loop-item\" data-elementor-id=\"9947\" class=\"elementor elementor-9947 e-loop-item e-loop-item-33762 post-33762 post type-post status-publish format-standard has-post-thumbnail hentry category-design-living-fr category-exterieur-jardin\" data-elementor-post-type=\"elementor_library\" data-custom-edit-handle=\"1\">\n\t\t\t<div class=\"elementor-element elementor-element-e30c2bf e-con-full e-flex e-con e-parent\" data-id=\"e30c2bf\" data-element_type=\"container\" data-e-type=\"container\">\n\t\t\t\t<div class=\"elementor-element elementor-element-24be3aa elementor-widget elementor-widget-theme-post-featured-image elementor-widget-image\" data-id=\"24be3aa\" data-element_type=\"widget\" data-e-type=\"widget\" data-widget_type=\"theme-post-featured-image.default\">\n\t\t\t\t<div class=\"elementor-widget-container\">\n\t\t\t\t\t\t\t\t\t\t\t\t\t\t\t\t<a href=\"https:\/\/myhome.at\/fr\/excursions-pour-la-fete-des-meres-les-plus-belles-idees-pour-vienne-et-ses-environs\/\" target=\"_blank\">\n\t\t\t\t\t\t\t<img decoding=\"async\" width=\"580\" height=\"420\" src=\"https:\/\/myhome.at\/wp-content\/uploads\/2026\/05\/ijaz-rafi-xLA0XpFpe0U-unsplash-580x420.jpg\" class=\"attachment-yaffo-grid size-yaffo-grid wp-image-33761\" alt=\"\" \/>\t\t\t\t\t\t\t\t<\/a>\n\t\t\t\t\t\t\t\t\t\t\t\t\t\t\t<\/div>\n\t\t\t\t<\/div>\n\t\t\t\t<div class=\"elementor-element elementor-element-ebdf5bd elementor-widget elementor-widget-theme-post-title elementor-page-title elementor-widget-heading\" data-id=\"ebdf5bd\" data-element_type=\"widget\" data-e-type=\"widget\" data-widget_type=\"theme-post-title.default\">\n\t\t\t\t<div class=\"elementor-widget-container\">\n\t\t\t\t\t<p class=\"elementor-heading-title elementor-size-default\"><a href=\"https:\/\/myhome.at\/fr\/excursions-pour-la-fete-des-meres-les-plus-belles-idees-pour-vienne-et-ses-environs\/\" target=\"_blank\">Excursions pour la f\u00eate des m\u00e8res : les plus belles id\u00e9es pour Vienne et ses environs<\/a><\/p>\t\t\t\t<\/div>\n\t\t\t\t<\/div>\n\t\t\t\t<\/div>\n\t\t\t\t<\/div>\n\t\t\t\t<\/div>\n\t\t\n\t\t\t\t\t\t<\/div>\n\t\t\t\t<\/div>\n\t\t\t\t<\/div>\n\t\t\t\t<\/div>\n\t\t","protected":false},"excerpt":{"rendered":"<p>NEUES AUS DEM<\/p>\n","protected":false},"author":11,"featured_media":0,"parent":0,"menu_order":0,"comment_status":"closed","ping_status":"closed","template":"elementor_canvas","meta":{"_acf_changed":false,"footnotes":""},"class_list":["post-9649","page","type-page","status-publish","hentry"],"acf":[],"yoast_head":"<!-- This site is optimized with the Yoast SEO Premium plugin v27.5 (Yoast SEO v27.5) - https:\/\/yoast.com\/product\/yoast-seo-premium-wordpress\/ -->\n<title>FMH iFrame Startseite Mobile I MYHOME.AT<\/title>\n<meta name=\"robots\" content=\"noindex, follow\" \/>\n<meta property=\"og:locale\" content=\"fr_FR\" \/>\n<meta property=\"og:type\" content=\"article\" \/>\n<meta property=\"og:title\" content=\"FMH iFrame Startseite Mobile | MYHOME.AT\" \/>\n<meta property=\"og:description\" content=\"NEUES AUS DEM\" \/>\n<meta property=\"og:url\" content=\"https:\/\/myhome.at\/\" \/>\n<meta property=\"og:site_name\" content=\"MYHOME.AT\" \/>\n<meta property=\"article:publisher\" content=\"https:\/\/www.facebook.com\/myhome.allaboutliving\/\" \/>\n<meta property=\"article:modified_time\" content=\"2024-09-03T10:33:21+00:00\" \/>\n<meta property=\"og:image\" content=\"https:\/\/myhome.at\/wp-content\/uploads\/elementor\/thumbs\/FMH_MYHOME_LOGO_RZ_RGB_blog_FMH_MYHOME_LOGO_byFMH_RZ_RGB_mobile_72ppi@2x-qqyfo91ewz7ln1huhmt8dd2jypz91vj5p79bpw1yli.png\" \/>\n<meta name=\"twitter:card\" content=\"summary_large_image\" \/>\n<meta name=\"twitter:label1\" content=\"Dur\u00e9e de lecture estim\u00e9e\" \/>\n\t<meta name=\"twitter:data1\" content=\"1 minute\" \/>\n<script type=\"application\/ld+json\" class=\"yoast-schema-graph\">{\"@context\":\"https:\\\/\\\/schema.org\",\"@graph\":[{\"@type\":\"WebPage\",\"@id\":\"https:\\\/\\\/myhome.at\\\/fr\\\/fmh-iframe-startseite-m\\\/\",\"url\":\"https:\\\/\\\/myhome.at\\\/\",\"name\":\"FMH iFrame Startseite Mobile I MYHOME.AT\",\"isPartOf\":{\"@id\":\"https:\\\/\\\/myhome.at\\\/fr\\\/#website\"},\"primaryImageOfPage\":{\"@id\":\"https:\\\/\\\/myhome.at\\\/#primaryimage\"},\"image\":{\"@id\":\"https:\\\/\\\/myhome.at\\\/#primaryimage\"},\"thumbnailUrl\":\"https:\\\/\\\/myhome.at\\\/wp-content\\\/uploads\\\/elementor\\\/thumbs\\\/FMH_MYHOME_LOGO_RZ_RGB_blog_FMH_MYHOME_LOGO_byFMH_RZ_RGB_mobile_72ppi@2x-qqyfo91ewz7ln1huhmt8dd2jypz91vj5p79bpw1yli.png\",\"datePublished\":\"2023-09-25T10:35:55+00:00\",\"dateModified\":\"2024-09-03T10:33:21+00:00\",\"breadcrumb\":{\"@id\":\"https:\\\/\\\/myhome.at\\\/#breadcrumb\"},\"inLanguage\":\"fr-FR\",\"potentialAction\":[{\"@type\":\"ReadAction\",\"target\":[\"https:\\\/\\\/myhome.at\\\/\"]}]},{\"@type\":\"ImageObject\",\"inLanguage\":\"fr-FR\",\"@id\":\"https:\\\/\\\/myhome.at\\\/#primaryimage\",\"url\":\"https:\\\/\\\/myhome.at\\\/wp-content\\\/uploads\\\/elementor\\\/thumbs\\\/FMH_MYHOME_LOGO_RZ_RGB_blog_FMH_MYHOME_LOGO_byFMH_RZ_RGB_mobile_72ppi@2x-qqyfo91ewz7ln1huhmt8dd2jypz91vj5p79bpw1yli.png\",\"contentUrl\":\"https:\\\/\\\/myhome.at\\\/wp-content\\\/uploads\\\/elementor\\\/thumbs\\\/FMH_MYHOME_LOGO_RZ_RGB_blog_FMH_MYHOME_LOGO_byFMH_RZ_RGB_mobile_72ppi@2x-qqyfo91ewz7ln1huhmt8dd2jypz91vj5p79bpw1yli.png\"},{\"@type\":\"BreadcrumbList\",\"@id\":\"https:\\\/\\\/myhome.at\\\/#breadcrumb\",\"itemListElement\":[{\"@type\":\"ListItem\",\"position\":1,\"name\":\"Home\",\"item\":\"https:\\\/\\\/myhome.at\\\/fr\\\/\"},{\"@type\":\"ListItem\",\"position\":2,\"name\":\"FMH iFrame Startseite Mobile\"}]},{\"@type\":\"WebSite\",\"@id\":\"https:\\\/\\\/myhome.at\\\/fr\\\/#website\",\"url\":\"https:\\\/\\\/myhome.at\\\/fr\\\/\",\"name\":\"MYHOME BLOG\",\"description\":\"Online-Magazin f\u00fcr Wohnen &amp; Immobilien\",\"publisher\":{\"@id\":\"https:\\\/\\\/myhome.at\\\/fr\\\/#organization\"},\"potentialAction\":[{\"@type\":\"SearchAction\",\"target\":{\"@type\":\"EntryPoint\",\"urlTemplate\":\"https:\\\/\\\/myhome.at\\\/fr\\\/?s={search_term_string}\"},\"query-input\":{\"@type\":\"PropertyValueSpecification\",\"valueRequired\":true,\"valueName\":\"search_term_string\"}}],\"inLanguage\":\"fr-FR\"},{\"@type\":\"Organization\",\"@id\":\"https:\\\/\\\/myhome.at\\\/fr\\\/#organization\",\"name\":\"MYHOME BLOG\",\"alternateName\":\"MYHOME BLOG\",\"url\":\"https:\\\/\\\/myhome.at\\\/fr\\\/\",\"logo\":{\"@type\":\"ImageObject\",\"inLanguage\":\"fr-FR\",\"@id\":\"https:\\\/\\\/myhome.at\\\/fr\\\/#\\\/schema\\\/logo\\\/image\\\/\",\"url\":\"https:\\\/\\\/myhome.at\\\/wp-content\\\/uploads\\\/2023\\\/10\\\/FMH_MYHOME_ICON_RZ_RGB_696x696.png\",\"contentUrl\":\"https:\\\/\\\/myhome.at\\\/wp-content\\\/uploads\\\/2023\\\/10\\\/FMH_MYHOME_ICON_RZ_RGB_696x696.png\",\"width\":697,\"height\":697,\"caption\":\"MYHOME BLOG\"},\"image\":{\"@id\":\"https:\\\/\\\/myhome.at\\\/fr\\\/#\\\/schema\\\/logo\\\/image\\\/\"},\"sameAs\":[\"https:\\\/\\\/www.facebook.com\\\/myhome.allaboutliving\\\/\",\"https:\\\/\\\/www.instagram.com\\\/myhome_allaboutliving\\\/\",\"https:\\\/\\\/www.linkedin.com\\\/company\\\/myhome-at\\\/\"]}]}<\/script>\n<!-- \/ Yoast SEO Premium plugin. -->","yoast_head_json":{"title":"FMH iFrame Startseite Mobile I MYHOME.AT","robots":{"index":"noindex","follow":"follow"},"og_locale":"fr_FR","og_type":"article","og_title":"FMH iFrame Startseite Mobile | MYHOME.AT","og_description":"NEUES AUS DEM","og_url":"https:\/\/myhome.at\/","og_site_name":"MYHOME.AT","article_publisher":"https:\/\/www.facebook.com\/myhome.allaboutliving\/","article_modified_time":"2024-09-03T10:33:21+00:00","og_image":[{"url":"https:\/\/myhome.at\/wp-content\/uploads\/elementor\/thumbs\/FMH_MYHOME_LOGO_RZ_RGB_blog_FMH_MYHOME_LOGO_byFMH_RZ_RGB_mobile_72ppi@2x-qqyfo91ewz7ln1huhmt8dd2jypz91vj5p79bpw1yli.png","type":"","width":"","height":""}],"twitter_card":"summary_large_image","twitter_misc":{"Dur\u00e9e de lecture estim\u00e9e":"1 minute"},"schema":{"@context":"https:\/\/schema.org","@graph":[{"@type":"WebPage","@id":"https:\/\/myhome.at\/fr\/fmh-iframe-startseite-m\/","url":"https:\/\/myhome.at\/","name":"FMH iFrame Startseite Mobile I MYHOME.AT","isPartOf":{"@id":"https:\/\/myhome.at\/fr\/#website"},"primaryImageOfPage":{"@id":"https:\/\/myhome.at\/#primaryimage"},"image":{"@id":"https:\/\/myhome.at\/#primaryimage"},"thumbnailUrl":"https:\/\/myhome.at\/wp-content\/uploads\/elementor\/thumbs\/FMH_MYHOME_LOGO_RZ_RGB_blog_FMH_MYHOME_LOGO_byFMH_RZ_RGB_mobile_72ppi@2x-qqyfo91ewz7ln1huhmt8dd2jypz91vj5p79bpw1yli.png","datePublished":"2023-09-25T10:35:55+00:00","dateModified":"2024-09-03T10:33:21+00:00","breadcrumb":{"@id":"https:\/\/myhome.at\/#breadcrumb"},"inLanguage":"fr-FR","potentialAction":[{"@type":"ReadAction","target":["https:\/\/myhome.at\/"]}]},{"@type":"ImageObject","inLanguage":"fr-FR","@id":"https:\/\/myhome.at\/#primaryimage","url":"https:\/\/myhome.at\/wp-content\/uploads\/elementor\/thumbs\/FMH_MYHOME_LOGO_RZ_RGB_blog_FMH_MYHOME_LOGO_byFMH_RZ_RGB_mobile_72ppi@2x-qqyfo91ewz7ln1huhmt8dd2jypz91vj5p79bpw1yli.png","contentUrl":"https:\/\/myhome.at\/wp-content\/uploads\/elementor\/thumbs\/FMH_MYHOME_LOGO_RZ_RGB_blog_FMH_MYHOME_LOGO_byFMH_RZ_RGB_mobile_72ppi@2x-qqyfo91ewz7ln1huhmt8dd2jypz91vj5p79bpw1yli.png"},{"@type":"BreadcrumbList","@id":"https:\/\/myhome.at\/#breadcrumb","itemListElement":[{"@type":"ListItem","position":1,"name":"Home","item":"https:\/\/myhome.at\/fr\/"},{"@type":"ListItem","position":2,"name":"FMH iFrame Startseite Mobile"}]},{"@type":"WebSite","@id":"https:\/\/myhome.at\/fr\/#website","url":"https:\/\/myhome.at\/fr\/","name":"MYHOME BLOG","description":"Online-Magazin f\u00fcr Wohnen &amp; Immobilien","publisher":{"@id":"https:\/\/myhome.at\/fr\/#organization"},"potentialAction":[{"@type":"SearchAction","target":{"@type":"EntryPoint","urlTemplate":"https:\/\/myhome.at\/fr\/?s={search_term_string}"},"query-input":{"@type":"PropertyValueSpecification","valueRequired":true,"valueName":"search_term_string"}}],"inLanguage":"fr-FR"},{"@type":"Organization","@id":"https:\/\/myhome.at\/fr\/#organization","name":"MYHOME BLOG","alternateName":"MYHOME BLOG","url":"https:\/\/myhome.at\/fr\/","logo":{"@type":"ImageObject","inLanguage":"fr-FR","@id":"https:\/\/myhome.at\/fr\/#\/schema\/logo\/image\/","url":"https:\/\/myhome.at\/wp-content\/uploads\/2023\/10\/FMH_MYHOME_ICON_RZ_RGB_696x696.png","contentUrl":"https:\/\/myhome.at\/wp-content\/uploads\/2023\/10\/FMH_MYHOME_ICON_RZ_RGB_696x696.png","width":697,"height":697,"caption":"MYHOME BLOG"},"image":{"@id":"https:\/\/myhome.at\/fr\/#\/schema\/logo\/image\/"},"sameAs":["https:\/\/www.facebook.com\/myhome.allaboutliving\/","https:\/\/www.instagram.com\/myhome_allaboutliving\/","https:\/\/www.linkedin.com\/company\/myhome-at\/"]}]}},"_links":{"self":[{"href":"https:\/\/myhome.at\/fr\/wp-json\/wp\/v2\/pages\/9649","targetHints":{"allow":["GET"]}}],"collection":[{"href":"https:\/\/myhome.at\/fr\/wp-json\/wp\/v2\/pages"}],"about":[{"href":"https:\/\/myhome.at\/fr\/wp-json\/wp\/v2\/types\/page"}],"author":[{"embeddable":true,"href":"https:\/\/myhome.at\/fr\/wp-json\/wp\/v2\/users\/11"}],"replies":[{"embeddable":true,"href":"https:\/\/myhome.at\/fr\/wp-json\/wp\/v2\/comments?post=9649"}],"version-history":[{"count":117,"href":"https:\/\/myhome.at\/fr\/wp-json\/wp\/v2\/pages\/9649\/revisions"}],"predecessor-version":[{"id":21263,"href":"https:\/\/myhome.at\/fr\/wp-json\/wp\/v2\/pages\/9649\/revisions\/21263"}],"wp:attachment":[{"href":"https:\/\/myhome.at\/fr\/wp-json\/wp\/v2\/media?parent=9649"}],"curies":[{"name":"wp","href":"https:\/\/api.w.org\/{rel}","templated":true}]}}