{"id":13497,"date":"2021-11-29T09:52:25","date_gmt":"2021-11-29T08:52:25","guid":{"rendered":"https:\/\/myhome.at\/mentions-legales\/"},"modified":"2025-09-02T14:44:42","modified_gmt":"2025-09-02T12:44:42","slug":"mentions-legales","status":"publish","type":"page","link":"https:\/\/myhome.at\/fr\/mentions-legales\/","title":{"rendered":"Mentions l\u00e9gales"},"content":{"rendered":"\n<p>FindMyHome.at GmbH &#8211; Le site web de l&rsquo;immobilier<br>Nedergasse 5-7 &#8211; 1190 Vienne<br><br>-) T\u00e9l\u00e9phone : +43 1 36 92 758<br>-) T\u00e9l\u00e9copieur : +43 1 36 92 758 &#8211; 50<br>-) Courrier \u00e9lectronique : office@findmyhome.at<br><br>UID : ATU61359256<br>Num\u00e9ro de registre du commerce : 254125p<br>Juridiction comp\u00e9tente : Tribunal de commerce de Vienne<br><br>Secteur d&rsquo;activit\u00e9 : Agence de publicit\u00e9 New Media &amp; IT Services<br><br>Associ\u00e9s g\u00e9rants :<br>Bernd Gabel-Hlawa, 50<br>Benedikt Gabriel, 50<br><br>Contenu du m\u00e9dia\/site web :<br>Blog<br><br>libell\u00e9 de l&rsquo;autorisation : Services dans le domaine du traitement automatique des donn\u00e9es et des technologies de l&rsquo;information<br>Groupe professionnel : Services informatiques<br>Groupe sp\u00e9cialis\u00e9 : Conseil en gestion et technologie de l&rsquo;information<br><br>libell\u00e9 de l&rsquo;autorisation : Agence de publicit\u00e9<br>Groupe professionnel : Agence de publicit\u00e9<br>Groupe sp\u00e9cialis\u00e9 : Publicit\u00e9 et communication commerciale<\/p>\n\n\n\n<p><\/p>\n\n\n\n<h2 class=\"wp-block-heading\" id=\"h-protection-des-donnees\">Protection des donn\u00e9es<\/h2>\n\n\n\n<p>Cliquez ici pour acc\u00e9der \u00e0 notre <a href=\"https:\/\/myhome.at\/fr\/privacy-policy\/\">d\u00e9claration de confidentialit\u00e9<\/a>.<\/p>\n","protected":false},"excerpt":{"rendered":"<p>FindMyHome.at GmbH &#8211; Le site web de l&rsquo;immobilierNedergasse 5-7 &#8211; 1190 Vienne -) T\u00e9l\u00e9phone : +43 1 36 92 758-) T\u00e9l\u00e9copieur : +43 1 36 92 758 &#8211; 50-) Courrier \u00e9lectronique : office@findmyhome.at UID : ATU61359256Num\u00e9ro de registre du commerce : 254125pJuridiction comp\u00e9tente : Tribunal de commerce de Vienne Secteur d&rsquo;activit\u00e9 : Agence de publicit\u00e9 &hellip;<\/p>\n","protected":false},"author":3,"featured_media":0,"parent":0,"menu_order":0,"comment_status":"closed","ping_status":"closed","template":"","meta":{"_acf_changed":false,"footnotes":""},"class_list":["post-13497","page","type-page","status-publish","hentry"],"acf":[],"yoast_head":"<!-- This site is optimized with the Yoast SEO Premium plugin v27.2 (Yoast SEO v27.2) - https:\/\/yoast.com\/product\/yoast-seo-premium-wordpress\/ -->\n<title>Mentions l\u00e9gales I MYHOME.AT<\/title>\n<meta name=\"robots\" content=\"index, follow, max-snippet:-1, max-image-preview:large, max-video-preview:-1\" \/>\n<link rel=\"canonical\" href=\"https:\/\/myhome.at\/fr\/mentions-legales\/\" \/>\n<meta property=\"og:locale\" content=\"fr_FR\" \/>\n<meta property=\"og:type\" content=\"article\" \/>\n<meta property=\"og:title\" content=\"Mentions l\u00e9gales | MYHOME.AT\" \/>\n<meta property=\"og:description\" content=\"FindMyHome.at GmbH &#8211; Le site web de l&rsquo;immobilierNedergasse 5-7 &#8211; 1190 Vienne -) T\u00e9l\u00e9phone : +43 1 36 92 758-) T\u00e9l\u00e9copieur : +43 1 36 92 758 &#8211; 50-) Courrier \u00e9lectronique : office@findmyhome.at UID : ATU61359256Num\u00e9ro de registre du commerce : 254125pJuridiction comp\u00e9tente : Tribunal de commerce de Vienne Secteur d&rsquo;activit\u00e9 : Agence de publicit\u00e9 &hellip;\" \/>\n<meta property=\"og:url\" content=\"https:\/\/myhome.at\/fr\/mentions-legales\/\" \/>\n<meta property=\"og:site_name\" content=\"MYHOME.AT\" \/>\n<meta property=\"article:publisher\" content=\"https:\/\/www.facebook.com\/myhome.allaboutliving\/\" \/>\n<meta property=\"article:modified_time\" content=\"2025-09-02T12:44:42+00:00\" \/>\n<meta property=\"og:image\" content=\"https:\/\/myhome.at\/wp-content\/uploads\/2023\/10\/MYHOME_SCREEN.jpg\" \/>\n\t<meta property=\"og:image:width\" content=\"1200\" \/>\n\t<meta property=\"og:image:height\" content=\"675\" \/>\n\t<meta property=\"og:image:type\" content=\"image\/jpeg\" \/>\n<meta name=\"twitter:card\" content=\"summary_large_image\" \/>\n<meta name=\"twitter:label1\" content=\"Dur\u00e9e de lecture estim\u00e9e\" \/>\n\t<meta name=\"twitter:data1\" content=\"1 minute\" \/>\n<script type=\"application\/ld+json\" class=\"yoast-schema-graph\">{\"@context\":\"https:\/\/schema.org\",\"@graph\":[{\"@type\":\"WebPage\",\"@id\":\"https:\/\/myhome.at\/fr\/mentions-legales\/\",\"url\":\"https:\/\/myhome.at\/fr\/mentions-legales\/\",\"name\":\"Mentions l\u00e9gales I MYHOME.AT\",\"isPartOf\":{\"@id\":\"https:\/\/myhome.at\/fr\/#website\"},\"datePublished\":\"2021-11-29T08:52:25+00:00\",\"dateModified\":\"2025-09-02T12:44:42+00:00\",\"breadcrumb\":{\"@id\":\"https:\/\/myhome.at\/fr\/mentions-legales\/#breadcrumb\"},\"inLanguage\":\"fr-FR\",\"potentialAction\":[{\"@type\":\"ReadAction\",\"target\":[\"https:\/\/myhome.at\/fr\/mentions-legales\/\"]}]},{\"@type\":\"BreadcrumbList\",\"@id\":\"https:\/\/myhome.at\/fr\/mentions-legales\/#breadcrumb\",\"itemListElement\":[{\"@type\":\"ListItem\",\"position\":1,\"name\":\"Home\",\"item\":\"https:\/\/myhome.at\/fr\/\"},{\"@type\":\"ListItem\",\"position\":2,\"name\":\"Mentions l\u00e9gales\"}]},{\"@type\":\"WebSite\",\"@id\":\"https:\/\/myhome.at\/fr\/#website\",\"url\":\"https:\/\/myhome.at\/fr\/\",\"name\":\"MYHOME BLOG\",\"description\":\"Online-Magazin f\u00fcr Wohnen &amp; Immobilien\",\"publisher\":{\"@id\":\"https:\/\/myhome.at\/fr\/#organization\"},\"potentialAction\":[{\"@type\":\"SearchAction\",\"target\":{\"@type\":\"EntryPoint\",\"urlTemplate\":\"https:\/\/myhome.at\/fr\/?s={search_term_string}\"},\"query-input\":{\"@type\":\"PropertyValueSpecification\",\"valueRequired\":true,\"valueName\":\"search_term_string\"}}],\"inLanguage\":\"fr-FR\"},{\"@type\":\"Organization\",\"@id\":\"https:\/\/myhome.at\/fr\/#organization\",\"name\":\"MYHOME BLOG\",\"alternateName\":\"MYHOME BLOG\",\"url\":\"https:\/\/myhome.at\/fr\/\",\"logo\":{\"@type\":\"ImageObject\",\"inLanguage\":\"fr-FR\",\"@id\":\"https:\/\/myhome.at\/fr\/#\/schema\/logo\/image\/\",\"url\":\"https:\/\/myhome.at\/wp-content\/uploads\/2023\/10\/FMH_MYHOME_ICON_RZ_RGB_696x696.png\",\"contentUrl\":\"https:\/\/myhome.at\/wp-content\/uploads\/2023\/10\/FMH_MYHOME_ICON_RZ_RGB_696x696.png\",\"width\":697,\"height\":697,\"caption\":\"MYHOME BLOG\"},\"image\":{\"@id\":\"https:\/\/myhome.at\/fr\/#\/schema\/logo\/image\/\"},\"sameAs\":[\"https:\/\/www.facebook.com\/myhome.allaboutliving\/\",\"https:\/\/www.instagram.com\/myhome_allaboutliving\/\",\"https:\/\/www.linkedin.com\/company\/myhome-at\/\"]}]}<\/script>\n<!-- \/ Yoast SEO Premium plugin. -->","yoast_head_json":{"title":"Mentions l\u00e9gales I MYHOME.AT","robots":{"index":"index","follow":"follow","max-snippet":"max-snippet:-1","max-image-preview":"max-image-preview:large","max-video-preview":"max-video-preview:-1"},"canonical":"https:\/\/myhome.at\/fr\/mentions-legales\/","og_locale":"fr_FR","og_type":"article","og_title":"Mentions l\u00e9gales | MYHOME.AT","og_description":"FindMyHome.at GmbH &#8211; Le site web de l&rsquo;immobilierNedergasse 5-7 &#8211; 1190 Vienne -) T\u00e9l\u00e9phone : +43 1 36 92 758-) T\u00e9l\u00e9copieur : +43 1 36 92 758 &#8211; 50-) Courrier \u00e9lectronique : office@findmyhome.at UID : ATU61359256Num\u00e9ro de registre du commerce : 254125pJuridiction comp\u00e9tente : Tribunal de commerce de Vienne Secteur d&rsquo;activit\u00e9 : Agence de publicit\u00e9 &hellip;","og_url":"https:\/\/myhome.at\/fr\/mentions-legales\/","og_site_name":"MYHOME.AT","article_publisher":"https:\/\/www.facebook.com\/myhome.allaboutliving\/","article_modified_time":"2025-09-02T12:44:42+00:00","og_image":[{"width":1200,"height":675,"url":"https:\/\/myhome.at\/wp-content\/uploads\/2023\/10\/MYHOME_SCREEN.jpg","type":"image\/jpeg"}],"twitter_card":"summary_large_image","twitter_misc":{"Dur\u00e9e de lecture estim\u00e9e":"1 minute"},"schema":{"@context":"https:\/\/schema.org","@graph":[{"@type":"WebPage","@id":"https:\/\/myhome.at\/fr\/mentions-legales\/","url":"https:\/\/myhome.at\/fr\/mentions-legales\/","name":"Mentions l\u00e9gales I MYHOME.AT","isPartOf":{"@id":"https:\/\/myhome.at\/fr\/#website"},"datePublished":"2021-11-29T08:52:25+00:00","dateModified":"2025-09-02T12:44:42+00:00","breadcrumb":{"@id":"https:\/\/myhome.at\/fr\/mentions-legales\/#breadcrumb"},"inLanguage":"fr-FR","potentialAction":[{"@type":"ReadAction","target":["https:\/\/myhome.at\/fr\/mentions-legales\/"]}]},{"@type":"BreadcrumbList","@id":"https:\/\/myhome.at\/fr\/mentions-legales\/#breadcrumb","itemListElement":[{"@type":"ListItem","position":1,"name":"Home","item":"https:\/\/myhome.at\/fr\/"},{"@type":"ListItem","position":2,"name":"Mentions l\u00e9gales"}]},{"@type":"WebSite","@id":"https:\/\/myhome.at\/fr\/#website","url":"https:\/\/myhome.at\/fr\/","name":"MYHOME BLOG","description":"Online-Magazin f\u00fcr Wohnen &amp; Immobilien","publisher":{"@id":"https:\/\/myhome.at\/fr\/#organization"},"potentialAction":[{"@type":"SearchAction","target":{"@type":"EntryPoint","urlTemplate":"https:\/\/myhome.at\/fr\/?s={search_term_string}"},"query-input":{"@type":"PropertyValueSpecification","valueRequired":true,"valueName":"search_term_string"}}],"inLanguage":"fr-FR"},{"@type":"Organization","@id":"https:\/\/myhome.at\/fr\/#organization","name":"MYHOME BLOG","alternateName":"MYHOME BLOG","url":"https:\/\/myhome.at\/fr\/","logo":{"@type":"ImageObject","inLanguage":"fr-FR","@id":"https:\/\/myhome.at\/fr\/#\/schema\/logo\/image\/","url":"https:\/\/myhome.at\/wp-content\/uploads\/2023\/10\/FMH_MYHOME_ICON_RZ_RGB_696x696.png","contentUrl":"https:\/\/myhome.at\/wp-content\/uploads\/2023\/10\/FMH_MYHOME_ICON_RZ_RGB_696x696.png","width":697,"height":697,"caption":"MYHOME BLOG"},"image":{"@id":"https:\/\/myhome.at\/fr\/#\/schema\/logo\/image\/"},"sameAs":["https:\/\/www.facebook.com\/myhome.allaboutliving\/","https:\/\/www.instagram.com\/myhome_allaboutliving\/","https:\/\/www.linkedin.com\/company\/myhome-at\/"]}]}},"_links":{"self":[{"href":"https:\/\/myhome.at\/fr\/wp-json\/wp\/v2\/pages\/13497","targetHints":{"allow":["GET"]}}],"collection":[{"href":"https:\/\/myhome.at\/fr\/wp-json\/wp\/v2\/pages"}],"about":[{"href":"https:\/\/myhome.at\/fr\/wp-json\/wp\/v2\/types\/page"}],"author":[{"embeddable":true,"href":"https:\/\/myhome.at\/fr\/wp-json\/wp\/v2\/users\/3"}],"replies":[{"embeddable":true,"href":"https:\/\/myhome.at\/fr\/wp-json\/wp\/v2\/comments?post=13497"}],"version-history":[{"count":9,"href":"https:\/\/myhome.at\/fr\/wp-json\/wp\/v2\/pages\/13497\/revisions"}],"predecessor-version":[{"id":28749,"href":"https:\/\/myhome.at\/fr\/wp-json\/wp\/v2\/pages\/13497\/revisions\/28749"}],"wp:attachment":[{"href":"https:\/\/myhome.at\/fr\/wp-json\/wp\/v2\/media?parent=13497"}],"curies":[{"name":"wp","href":"https:\/\/api.w.org\/{rel}","templated":true}]}}