{"id":11063,"date":"2023-10-11T13:58:46","date_gmt":"2023-10-11T11:58:46","guid":{"rendered":"https:\/\/myhome.at\/?page_id=11063"},"modified":"2023-10-11T14:01:54","modified_gmt":"2023-10-11T12:01:54","slug":"teilnahmebedingungen-gewinnspiele","status":"publish","type":"page","link":"https:\/\/myhome.at\/en\/teilnahmebedingungen-gewinnspiele\/","title":{"rendered":"TEILNAHMEBEDINGUNGEN F\u00dcR PROMOTIONS UND GEWINNSPIELE"},"content":{"rendered":"\t\t<div data-elementor-type=\"wp-page\" data-elementor-id=\"11063\" class=\"elementor elementor-11063\" data-elementor-post-type=\"page\">\n\t\t\t\t<div class=\"elementor-element elementor-element-d2e2d61 e-flex e-con-boxed e-con e-parent\" data-id=\"d2e2d61\" data-element_type=\"container\" data-e-type=\"container\">\n\t\t\t\t\t<div class=\"e-con-inner\">\n\t\t\t\t<div class=\"elementor-element elementor-element-c8ef408 elementor-widget elementor-widget-text-editor\" data-id=\"c8ef408\" data-element_type=\"widget\" data-e-type=\"widget\" data-widget_type=\"text-editor.default\">\n\t\t\t\t<div class=\"elementor-widget-container\">\n\t\t\t\t\t\t\t\t\t<p>Berechtigt zur Teilnahme sind ausschlie\u00dflich Nutzer mit einem Mindestalter von 18 Jahren und einem dauerhaften Wohnsitz in \u00d6sterreich verbunden mit g\u00fcltigen Postanschrift in \u00d6sterreich.<\/p><p><strong>FIND<\/strong>MY<strong>HOME<\/strong>.AT zeichnet sich als Veranstalter verantwortlich f\u00fcr diese Kampagne\/Aktion und wird im Folgenden als \u201eder Betreiber\u201c bezeichnet.<\/p><p>Das Gewinnspiel wird auf einem oder mehreren Social-Media-Kan\u00e4len, per E-Mail oder anderweitig von\u00a0<strong>FIND<\/strong>MY<strong>HOME<\/strong>.AT ausgetragen.<\/p><p>Die Teilnahme an der Aktion ist weder an Kosten noch an den Erwerb von Waren und\/oder Dienstleistungen gebunden. Beginn und Ende des jeweiligen Gewinnspiels werden von\u00a0<strong>FIND<\/strong>MY<strong>HOME<\/strong>.AT bekannt gegeben. Die Teilnahme erfolgt \u00fcber eine Aktion des Teilnehmers, wie z.B. Kommentar, Like, o. \u00c4. Mehrere Kommentare werden als eine einzelne Teilnahme gewertet. Kommentare auf mehreren Plattformen werden ebenfalls als eine einzelne Teilnahme gewertet, sofern diese von einem User stammen. Im Falle der Weiterleitung zu einer Umfrage, obliegt es dem User seine E-Mailadresse auf Basis der Freiwilligkeit bekannt zu geben. Mit diesem Schritt, nimmt dieser automatisch an der Gewinnauslosung teil.<\/p><p>Die Gewinner werden unter allen g\u00fcltigen Teilnehmern durch einen elektronischen Zufallsgenerator ermittelt. Kommentare, die gegen die Richtlinien eines oder mehreren zur Anwendung gebrachten Social Media Kan\u00e4le, \u00f6sterreichischem Recht und\/oder das Copyright versto\u00dfen, werden nach Kenntnisnahme ohne Ank\u00fcndigung entfernt. Der Teilnehmer ist damit vom Gewinn ausgeschlossen.\u00a0<strong>FIND<\/strong>MY<strong>HOME<\/strong>.at beh\u00e4lt sich weiteres das jederzeitige Recht vor, diskriminierende Inhalte in welcher Form auch immer, sofort zu l\u00f6schen.<\/p><p>Diese Aktion steht in keiner Verbindung zu den verwendeten Social-Media-Kan\u00e4len und wird in keiner Weise von diesen gesponsert, unterst\u00fctzt oder organisiert. Der Empf\u00e4nger der von den Teilnehmern bereitgestellten Daten ist nicht die Social-Media-Plattform, sondern der Betreiber. Die bereitgestellten Daten werden lediglich f\u00fcr die Kontaktierung des Gewinners und die Verwaltung des Gewinns verwendet. Fragen, Anregungen und Beschwerden sind daher ausschlie\u00dflich an den Betreiber zu richten. Dar\u00fcber hinaus darf der Betreiber den Teilnehmer per E-Mail kontaktieren.<\/p><p>Im Fall eines Versto\u00dfes gegen die Teilnahmebedingungen oder beim Versuch technischer Manipulation (z.B.: Verwendung von Fake-Accounts bzw. Accounts, die augenscheinlich nur zur Teilnahme an Gewinnspielen erstellt wurden) kann der Betreiber bestimmte Teilnehmer von der Aktion ausschlie\u00dfen. In einem solchen Fall k\u00f6nnen Gewinne auch nachtr\u00e4glich entzogen und zur\u00fcckgefordert werden. F\u00fcr die Korrektheit der angegebenen Kontaktdaten ist der Teilnehmer selbst verantwortlich. Im Fall einer unkorrekten Zuordnung der Sachpreise aufgrund fehlerhafter Datenangaben entf\u00e4llt der Gewinnanspruch.<\/p><p>Der Betreiber ermittelt und benachrichtigt den Gewinner innerhalb von maximal 10 Werktagen nach Ende der Aktion. Die Gewinner werden durch einen elektronischen Zufallsgenerator ermittelt und entweder per direktem Post, \u00f6ffentlich und mit dem angegeben Namen \u00fcber die Kommentarfunktion des jeweiligen Posts, oder im Falle einer Bekanntmachung einer E-Mailadresse, \u00fcber diese benachrichtigt. Jeder Gewinner muss innerhalb von 5 Werktagen (ab Gewinnbenachrichtigung) seine Kontakt- und Adressdaten an\u00a0<strong>FIND<\/strong>MY<strong>HOME<\/strong>.AT \u00fcbermitteln. Meldet sich ein Gewinner innerhalb dieser Frist nicht, wird der Gewinn erneut unter allen Teilnehmern verlost.<\/p><p>Der Gewinn ist weder austausch- noch \u00fcbertragbar. Die Barauszahlung ist ebenso ausgeschlossen wie der Rechtsweg. Die Verantwortung \u00fcber eine eventuelle Versteuerung des Gewinns liegt beim Gewinner selbst.<\/p><p>Sollte der Betreiber den im Zuge des jeweiligen Gewinnspiels promoteten Gewinn nicht zur Verf\u00fcgung stellen k\u00f6nnen, beh\u00e4lt sich dieser das Recht vor, dem Gewinner einen Amazon Gutschein in gleichwertiger H\u00f6he auszuh\u00e4ndigen.<\/p><p>\u00dcbermittlung des Gewinns an den Gewinner erfolgt entweder postalisch (z.B. B\u00fccher-Verlosung) auf Kosten von\u00a0<strong>FIND<\/strong>MY<strong>HOME<\/strong>.AT \u2013 beziehungsweise Selbstabholung am Firmensitz von\u00a0<strong>FIND<\/strong>MY<strong>HOME<\/strong>.AT \u2013 elektronisch (z.B. Amazon-Gutschein-Code) per Mail, oder \u00fcber einen anderen im Gewinnspiel beschriebenen Weg.<\/p><p>Der Gewinn, sofern eine \u00dcbermittlung am Postweg erfolgt, wird nur innerhalb von \u00d6sterreich versendet. Sobald der Gewinn an den Transportdienstleister \u00fcbergegangen ist, \u00fcbernimmt\u00a0<strong>FIND<\/strong>MY<strong>HOME<\/strong>.AT keinerlei Gew\u00e4hr f\u00fcr die unversehrte beziehungsweise ordnungsgem\u00e4\u00dfe Zustellung.<\/p><p>Technische oder sonstige Probleme, die au\u00dferhalb des Einflussbereichs stehen, unterliegen nicht der Haftung durch den Betreiber.<\/p><p><strong>Schlussbestimmungen<\/strong><br \/>Ausschlie\u00dflich anwendbares Recht ist das Recht der Republik \u00d6sterreich.<\/p><p>Diese Teilnahmebedingungen, einschlie\u00dflich der Gewinnspielmechaniken, stellen die abschlie\u00dfenden Regelungen f\u00fcr die Aktion dar. Sollten einzelne Bestimmungen dieser Teilnahmebedingungen ung\u00fcltig sein oder werden, bleibt die G\u00fcltigkeit der \u00fcbrigen Teilnahmebedingungen unber\u00fchrt.<\/p><p>Der Rechtsweg ist ausgeschlossen.<\/p>\t\t\t\t\t\t\t\t<\/div>\n\t\t\t\t<\/div>\n\t\t\t\t\t<\/div>\n\t\t\t\t<\/div>\n\t\t\t\t<\/div>\n\t\t","protected":false},"excerpt":{"rendered":"<p>Berechtigt zur Teilnahme sind ausschlie\u00dflich Nutzer mit einem Mindestalter von 18 Jahren und einem dauerhaften Wohnsitz in \u00d6sterreich verbunden mit g\u00fcltigen Postanschrift in \u00d6sterreich. FINDMYHOME.AT zeichnet sich als Veranstalter verantwortlich f\u00fcr diese Kampagne\/Aktion und wird im Folgenden als \u201eder Betreiber\u201c bezeichnet. Das Gewinnspiel wird auf einem oder mehreren Social-Media-Kan\u00e4len, per E-Mail oder anderweitig von\u00a0FINDMYHOME.AT ausgetragen. &hellip;<\/p>\n","protected":false},"author":11,"featured_media":0,"parent":0,"menu_order":0,"comment_status":"closed","ping_status":"closed","template":"","meta":{"_acf_changed":false,"footnotes":""},"class_list":["post-11063","page","type-page","status-publish","hentry"],"acf":[],"yoast_head":"<!-- This site is optimized with the Yoast SEO Premium plugin v27.4 (Yoast SEO v27.4) - https:\/\/yoast.com\/product\/yoast-seo-premium-wordpress\/ -->\n<title>TEILNAHMEBEDINGUNGEN F\u00dcR PROMOTIONS UND GEWINNSPIELE I MYHOME.AT<\/title>\n<meta name=\"robots\" content=\"index, follow, max-snippet:-1, max-image-preview:large, max-video-preview:-1\" \/>\n<link rel=\"canonical\" href=\"https:\/\/myhome.at\/en\/teilnahmebedingungen-gewinnspiele\/\" \/>\n<meta property=\"og:locale\" content=\"en_US\" \/>\n<meta property=\"og:type\" content=\"article\" \/>\n<meta property=\"og:title\" content=\"TEILNAHMEBEDINGUNGEN F\u00dcR PROMOTIONS UND GEWINNSPIELE | MYHOME.AT\" \/>\n<meta property=\"og:description\" content=\"Berechtigt zur Teilnahme sind ausschlie\u00dflich Nutzer mit einem Mindestalter von 18 Jahren und einem dauerhaften Wohnsitz in \u00d6sterreich verbunden mit g\u00fcltigen Postanschrift in \u00d6sterreich. FINDMYHOME.AT zeichnet sich als Veranstalter verantwortlich f\u00fcr diese Kampagne\/Aktion und wird im Folgenden als \u201eder Betreiber\u201c bezeichnet. Das Gewinnspiel wird auf einem oder mehreren Social-Media-Kan\u00e4len, per E-Mail oder anderweitig von\u00a0FINDMYHOME.AT ausgetragen. &hellip;\" \/>\n<meta property=\"og:url\" content=\"https:\/\/myhome.at\/en\/teilnahmebedingungen-gewinnspiele\/\" \/>\n<meta property=\"og:site_name\" content=\"MYHOME.AT\" \/>\n<meta property=\"article:publisher\" content=\"https:\/\/www.facebook.com\/myhome.allaboutliving\/\" \/>\n<meta property=\"article:modified_time\" content=\"2023-10-11T12:01:54+00:00\" \/>\n<meta property=\"og:image\" content=\"https:\/\/myhome.at\/wp-content\/uploads\/2023\/10\/MYHOME_SCREEN.jpg\" \/>\n\t<meta property=\"og:image:width\" content=\"1200\" \/>\n\t<meta property=\"og:image:height\" content=\"675\" \/>\n\t<meta property=\"og:image:type\" content=\"image\/jpeg\" \/>\n<meta name=\"twitter:card\" content=\"summary_large_image\" \/>\n<meta name=\"twitter:label1\" content=\"Est. reading time\" \/>\n\t<meta name=\"twitter:data1\" content=\"1 minute\" \/>\n<script type=\"application\/ld+json\" class=\"yoast-schema-graph\">{\"@context\":\"https:\\\/\\\/schema.org\",\"@graph\":[{\"@type\":\"WebPage\",\"@id\":\"https:\\\/\\\/myhome.at\\\/en\\\/teilnahmebedingungen-gewinnspiele\\\/\",\"url\":\"https:\\\/\\\/myhome.at\\\/en\\\/teilnahmebedingungen-gewinnspiele\\\/\",\"name\":\"TEILNAHMEBEDINGUNGEN F\u00dcR PROMOTIONS UND GEWINNSPIELE I MYHOME.AT\",\"isPartOf\":{\"@id\":\"https:\\\/\\\/myhome.at\\\/en\\\/#website\"},\"datePublished\":\"2023-10-11T11:58:46+00:00\",\"dateModified\":\"2023-10-11T12:01:54+00:00\",\"breadcrumb\":{\"@id\":\"https:\\\/\\\/myhome.at\\\/en\\\/teilnahmebedingungen-gewinnspiele\\\/#breadcrumb\"},\"inLanguage\":\"en-US\",\"potentialAction\":[{\"@type\":\"ReadAction\",\"target\":[\"https:\\\/\\\/myhome.at\\\/en\\\/teilnahmebedingungen-gewinnspiele\\\/\"]}]},{\"@type\":\"BreadcrumbList\",\"@id\":\"https:\\\/\\\/myhome.at\\\/en\\\/teilnahmebedingungen-gewinnspiele\\\/#breadcrumb\",\"itemListElement\":[{\"@type\":\"ListItem\",\"position\":1,\"name\":\"Home\",\"item\":\"https:\\\/\\\/myhome.at\\\/en\\\/\"},{\"@type\":\"ListItem\",\"position\":2,\"name\":\"TEILNAHMEBEDINGUNGEN F\u00dcR PROMOTIONS UND GEWINNSPIELE\"}]},{\"@type\":\"WebSite\",\"@id\":\"https:\\\/\\\/myhome.at\\\/en\\\/#website\",\"url\":\"https:\\\/\\\/myhome.at\\\/en\\\/\",\"name\":\"MYHOME BLOG\",\"description\":\"Online-Magazin f\u00fcr Wohnen &amp; Immobilien\",\"publisher\":{\"@id\":\"https:\\\/\\\/myhome.at\\\/en\\\/#organization\"},\"potentialAction\":[{\"@type\":\"SearchAction\",\"target\":{\"@type\":\"EntryPoint\",\"urlTemplate\":\"https:\\\/\\\/myhome.at\\\/en\\\/?s={search_term_string}\"},\"query-input\":{\"@type\":\"PropertyValueSpecification\",\"valueRequired\":true,\"valueName\":\"search_term_string\"}}],\"inLanguage\":\"en-US\"},{\"@type\":\"Organization\",\"@id\":\"https:\\\/\\\/myhome.at\\\/en\\\/#organization\",\"name\":\"MYHOME BLOG\",\"alternateName\":\"MYHOME BLOG\",\"url\":\"https:\\\/\\\/myhome.at\\\/en\\\/\",\"logo\":{\"@type\":\"ImageObject\",\"inLanguage\":\"en-US\",\"@id\":\"https:\\\/\\\/myhome.at\\\/en\\\/#\\\/schema\\\/logo\\\/image\\\/\",\"url\":\"https:\\\/\\\/myhome.at\\\/wp-content\\\/uploads\\\/2023\\\/10\\\/FMH_MYHOME_ICON_RZ_RGB_696x696.png\",\"contentUrl\":\"https:\\\/\\\/myhome.at\\\/wp-content\\\/uploads\\\/2023\\\/10\\\/FMH_MYHOME_ICON_RZ_RGB_696x696.png\",\"width\":697,\"height\":697,\"caption\":\"MYHOME BLOG\"},\"image\":{\"@id\":\"https:\\\/\\\/myhome.at\\\/en\\\/#\\\/schema\\\/logo\\\/image\\\/\"},\"sameAs\":[\"https:\\\/\\\/www.facebook.com\\\/myhome.allaboutliving\\\/\",\"https:\\\/\\\/www.instagram.com\\\/myhome_allaboutliving\\\/\",\"https:\\\/\\\/www.linkedin.com\\\/company\\\/myhome-at\\\/\"]}]}<\/script>\n<!-- \/ Yoast SEO Premium plugin. -->","yoast_head_json":{"title":"TEILNAHMEBEDINGUNGEN F\u00dcR PROMOTIONS UND GEWINNSPIELE I MYHOME.AT","robots":{"index":"index","follow":"follow","max-snippet":"max-snippet:-1","max-image-preview":"max-image-preview:large","max-video-preview":"max-video-preview:-1"},"canonical":"https:\/\/myhome.at\/en\/teilnahmebedingungen-gewinnspiele\/","og_locale":"en_US","og_type":"article","og_title":"TEILNAHMEBEDINGUNGEN F\u00dcR PROMOTIONS UND GEWINNSPIELE | MYHOME.AT","og_description":"Berechtigt zur Teilnahme sind ausschlie\u00dflich Nutzer mit einem Mindestalter von 18 Jahren und einem dauerhaften Wohnsitz in \u00d6sterreich verbunden mit g\u00fcltigen Postanschrift in \u00d6sterreich. FINDMYHOME.AT zeichnet sich als Veranstalter verantwortlich f\u00fcr diese Kampagne\/Aktion und wird im Folgenden als \u201eder Betreiber\u201c bezeichnet. Das Gewinnspiel wird auf einem oder mehreren Social-Media-Kan\u00e4len, per E-Mail oder anderweitig von\u00a0FINDMYHOME.AT ausgetragen. &hellip;","og_url":"https:\/\/myhome.at\/en\/teilnahmebedingungen-gewinnspiele\/","og_site_name":"MYHOME.AT","article_publisher":"https:\/\/www.facebook.com\/myhome.allaboutliving\/","article_modified_time":"2023-10-11T12:01:54+00:00","og_image":[{"width":1200,"height":675,"url":"https:\/\/myhome.at\/wp-content\/uploads\/2023\/10\/MYHOME_SCREEN.jpg","type":"image\/jpeg"}],"twitter_card":"summary_large_image","twitter_misc":{"Est. reading time":"1 minute"},"schema":{"@context":"https:\/\/schema.org","@graph":[{"@type":"WebPage","@id":"https:\/\/myhome.at\/en\/teilnahmebedingungen-gewinnspiele\/","url":"https:\/\/myhome.at\/en\/teilnahmebedingungen-gewinnspiele\/","name":"TEILNAHMEBEDINGUNGEN F\u00dcR PROMOTIONS UND GEWINNSPIELE I MYHOME.AT","isPartOf":{"@id":"https:\/\/myhome.at\/en\/#website"},"datePublished":"2023-10-11T11:58:46+00:00","dateModified":"2023-10-11T12:01:54+00:00","breadcrumb":{"@id":"https:\/\/myhome.at\/en\/teilnahmebedingungen-gewinnspiele\/#breadcrumb"},"inLanguage":"en-US","potentialAction":[{"@type":"ReadAction","target":["https:\/\/myhome.at\/en\/teilnahmebedingungen-gewinnspiele\/"]}]},{"@type":"BreadcrumbList","@id":"https:\/\/myhome.at\/en\/teilnahmebedingungen-gewinnspiele\/#breadcrumb","itemListElement":[{"@type":"ListItem","position":1,"name":"Home","item":"https:\/\/myhome.at\/en\/"},{"@type":"ListItem","position":2,"name":"TEILNAHMEBEDINGUNGEN F\u00dcR PROMOTIONS UND GEWINNSPIELE"}]},{"@type":"WebSite","@id":"https:\/\/myhome.at\/en\/#website","url":"https:\/\/myhome.at\/en\/","name":"MYHOME BLOG","description":"Online-Magazin f\u00fcr Wohnen &amp; Immobilien","publisher":{"@id":"https:\/\/myhome.at\/en\/#organization"},"potentialAction":[{"@type":"SearchAction","target":{"@type":"EntryPoint","urlTemplate":"https:\/\/myhome.at\/en\/?s={search_term_string}"},"query-input":{"@type":"PropertyValueSpecification","valueRequired":true,"valueName":"search_term_string"}}],"inLanguage":"en-US"},{"@type":"Organization","@id":"https:\/\/myhome.at\/en\/#organization","name":"MYHOME BLOG","alternateName":"MYHOME BLOG","url":"https:\/\/myhome.at\/en\/","logo":{"@type":"ImageObject","inLanguage":"en-US","@id":"https:\/\/myhome.at\/en\/#\/schema\/logo\/image\/","url":"https:\/\/myhome.at\/wp-content\/uploads\/2023\/10\/FMH_MYHOME_ICON_RZ_RGB_696x696.png","contentUrl":"https:\/\/myhome.at\/wp-content\/uploads\/2023\/10\/FMH_MYHOME_ICON_RZ_RGB_696x696.png","width":697,"height":697,"caption":"MYHOME BLOG"},"image":{"@id":"https:\/\/myhome.at\/en\/#\/schema\/logo\/image\/"},"sameAs":["https:\/\/www.facebook.com\/myhome.allaboutliving\/","https:\/\/www.instagram.com\/myhome_allaboutliving\/","https:\/\/www.linkedin.com\/company\/myhome-at\/"]}]}},"_links":{"self":[{"href":"https:\/\/myhome.at\/en\/wp-json\/wp\/v2\/pages\/11063","targetHints":{"allow":["GET"]}}],"collection":[{"href":"https:\/\/myhome.at\/en\/wp-json\/wp\/v2\/pages"}],"about":[{"href":"https:\/\/myhome.at\/en\/wp-json\/wp\/v2\/types\/page"}],"author":[{"embeddable":true,"href":"https:\/\/myhome.at\/en\/wp-json\/wp\/v2\/users\/11"}],"replies":[{"embeddable":true,"href":"https:\/\/myhome.at\/en\/wp-json\/wp\/v2\/comments?post=11063"}],"version-history":[{"count":5,"href":"https:\/\/myhome.at\/en\/wp-json\/wp\/v2\/pages\/11063\/revisions"}],"predecessor-version":[{"id":11071,"href":"https:\/\/myhome.at\/en\/wp-json\/wp\/v2\/pages\/11063\/revisions\/11071"}],"wp:attachment":[{"href":"https:\/\/myhome.at\/en\/wp-json\/wp\/v2\/media?parent=11063"}],"curies":[{"name":"wp","href":"https:\/\/api.w.org\/{rel}","templated":true}]}}